{"id":3969,"date":"2024-10-01T11:14:02","date_gmt":"2024-10-01T09:14:02","guid":{"rendered":"https:\/\/www.bosseafood.nl\/das-unternehmen\/"},"modified":"2024-10-02T10:06:39","modified_gmt":"2024-10-02T08:06:39","slug":"das-unternehmen","status":"publish","type":"page","link":"https:\/\/www.bosseafood.nl\/de\/das-unternehmen\/","title":{"rendered":"Das Unternehmen"},"content":{"rendered":"<div class=\"wpb-content-wrapper\">[mk_page_section vertical_align=&#8220;bottom&#8220; bg_image=&#8220;https:\/\/www.bosseafood.nl\/wp-content\/uploads\/2024\/09\/test.png&#8220; bg_image_portrait=&#8220;https:\/\/www.bosseafood.nl\/wp-content\/uploads\/2024\/09\/bg-phone-mannen.png&#8220; bg_color=&#8220;#30488e&#8220; attachment=&#8220;fixed&#8220; bg_repeat=&#8220;no-repeat&#8220; bg_stretch=&#8220;true&#8220; full_width=&#8220;true&#8220; full_height=&#8220;true&#8220; padding_top=&#8220;0&#8243; padding_bottom=&#8220;0&#8243; skip_arrow=&#8220;true&#8220; section_id=&#8220;bedrijf&#8220; sidebar=&#8220;sidebar-1&#8243;][vc_column css=&#8220;.vc_custom_1726573690804{margin-top: 0px !important;margin-right: 0px !important;margin-bottom: 0px !important;margin-left: 0px !important;padding-top: 0px !important;padding-right: 0px !important;padding-bottom: 0px !important;padding-left: 0px !important;background-position: 0 0 !important;background-repeat: no-repeat !important;}&#8220;][vc_row_inner][vc_column_inner width=&#8220;1\/3&#8243; css=&#8220;.vc_custom_1726049400374{background-color: #FFFFFF00 !important;}&#8220;][\/vc_column_inner][vc_column_inner width=&#8220;1\/2&#8243; css=&#8220;.vc_custom_1726049670438{border-color: #81D74200 !important;}&#8220;][vc_column_text animation=&#8220;scale-up&#8220; css=&#8220;.vc_custom_1727856395074{margin-bottom: 0px !important;border-left-width: 5px !important;padding-top: 3vh !important;padding-right: 2vw !important;padding-bottom: 3vh !important;padding-left: 2vw !important;background-color: #FFFFFFF0 !important;border-left-style: solid !important;border-radius: 10px !important;border-color: #1E73BE !important;}&#8220;]\n<h2>Das Unternehmen<\/h2>\n<h4>Bos Seafood profiliert sich als Culinary Fish Company f\u00fcr die Segmente: Catering, Gro\u00dfhandel, institutioneller Fischhandel, Einzelhandel und Export.<\/h4>\n<p>Unser Name und unsere Erfahrung garantieren frischen Fisch von allerbester Qualit\u00e4t. Unsere Mitarbeiter beraten und inspirieren Sie gerne bei der Zusammenstellung des Sortiments oder des Men\u00fcs und \u00fcberwachen die sorgf\u00e4ltige Verarbeitung, Verpackung und Auslieferung Ihrer Bestellung.<\/p>\n[mk_button dimension=&#8220;flat&#8220; corner_style=&#8220;full_rounded&#8220; size=&#8220;medium&#8220; url=&#8220;https:\/\/www.bosseafood.nl\/de\/nachhaltig\/&#8220; align=&#8220;right&#8220; animation=&#8220;scale-up&#8220; bg_color=&#8220;#1c4792&#8243; btn_hover_bg=&#8220;#1e73be&#8220;]Mehr \u00fcber nachhaltiges Wirtschaften[\/mk_button][\/vc_column_text][mk_padding_divider size=&#8220;250&#8243; visibility=&#8220;hidden-sm&#8220;][\/vc_column_inner][vc_column_inner width=&#8220;1\/6&#8243;][\/vc_column_inner][\/vc_row_inner][\/vc_column][\/mk_page_section][mk_page_section bg_image=&#8220;https:\/\/www.bosseafood.nl\/wp-content\/uploads\/2024\/09\/daem2.png&#8220; attachment=&#8220;fixed&#8220; bg_position=&#8220;left center&#8220; bg_repeat=&#8220;no-repeat&#8220; bg_stretch=&#8220;true&#8220; video_color_mask=&#8220;#ffffff&#8220; video_opacity=&#8220;0.95&#8243; padding_top=&#8220;80&#8243; padding_bottom=&#8220;80&#8243; section_id=&#8220;bedrijf-vervolg&#8220; sidebar=&#8220;sidebar-1&#8243;][vc_column][vc_row_inner][vc_column_inner width=&#8220;1\/2&#8243;][vc_column_text css=&#8220;.vc_custom_1727774622296{margin-bottom: 0px !important;}&#8220;]\n<h3>Die beste Qualit\u00e4t beginnt mit der besten Pflege<\/h3>\n<p>F\u00fcr uns als Fischlieferant bedeutet dies eine gr\u00fcndliche Qualit\u00e4tskontrolle in der Kette vom Fang oder der Aufzucht bis zur Lieferung. Wir behalten alles im Haus oder arbeiten mit Lieferanten zusammen, damit wir die Frische und Qualit\u00e4t unserer Produkte garantieren k\u00f6nnen. Als Fischlieferant zeigen wir Engagement und Leidenschaft gegen\u00fcber dem Kunden und wollen nur mit einem frischen Spitzenprodukt und damit bester Qualit\u00e4t arbeiten.[\/vc_column_text][\/vc_column_inner][vc_column_inner width=&#8220;1\/2&#8243;][vc_column_text css=&#8220;.vc_custom_1727774639331{margin-bottom: 0px !important;}&#8220;]\n<h3>Eine gute Beziehung beginnt mit einem zufriedenen Kunden<\/h3>\n<p>Unser Service als Lieferant von frischem und gefrorenem Fisch ist erst dann vollst\u00e4ndig, wenn unser Produkt Ihren Anforderungen entspricht. Deshalb gehen wir kein Risiko ein. Als Fischlieferant ist uns eine langfristige Beziehung wichtig: eine offene Zusammenarbeit, die auf den gemeinsamen Erfolg ausgerichtet ist. Und was w\u00e4re ein besserer Beweis daf\u00fcr als die Zufriedenheit von Ihnen und Ihren Kunden?[\/vc_column_text][\/vc_column_inner][\/vc_row_inner][vc_row_inner][vc_column_inner][vc_column_text css=&#8220;.vc_custom_1727250132684{margin-bottom: 0px !important;padding-right: 4vw !important;padding-left: 4vw !important;}&#8220;]\n<h4 style=\"text-align: center;\"><em>Wenn Sie mehr \u00fcber uns als Fischlieferant f\u00fcr frischen und gefrorenen Fisch erfahren m\u00f6chten, wenden Sie sich bitte an die Verkaufsabteilung.<br \/>\nMan wird Sie fachkundig beraten und kann mit Ihnen einen Termin f\u00fcr eine umfassende Einf\u00fchrung in unser &#8222;Netz der Inspiration&#8220; vereinbaren. <\/em><\/h4>\n[\/vc_column_text][\/vc_column_inner][\/vc_row_inner][\/vc_column][\/mk_page_section][mk_page_section vertical_align=&#8220;top&#8220; bg_image=&#8220;https:\/\/www.bosseafood.nl\/wp-content\/uploads\/2024\/09\/daem2.png&#8220; bg_image_portrait=&#8220;https:\/\/www.bosseafood.nl\/wp-content\/uploads\/2024\/09\/bg-phone-dame.png&#8220; bg_color=&#8220;#30488e&#8220; attachment=&#8220;fixed&#8220; bg_repeat=&#8220;no-repeat&#8220; bg_stretch=&#8220;true&#8220; full_width=&#8220;true&#8220; padding_top=&#8220;0&#8243; padding_bottom=&#8220;0&#8243; section_id=&#8220;duurzaamheid&#8220; sidebar=&#8220;sidebar-1&#8243;][vc_column css=&#8220;.vc_custom_1726573690804{margin-top: 0px !important;margin-right: 0px !important;margin-bottom: 0px !important;margin-left: 0px !important;padding-top: 0px !important;padding-right: 0px !important;padding-bottom: 0px !important;padding-left: 0px !important;background-position: 0 0 !important;background-repeat: no-repeat !important;}&#8220;][vc_row_inner][vc_column_inner width=&#8220;1\/3&#8243; css=&#8220;.vc_custom_1726049400374{background-color: #FFFFFF00 !important;}&#8220;][\/vc_column_inner][vc_column_inner width=&#8220;1\/2&#8243;][mk_padding_divider size=&#8220;200&#8243; visibility=&#8220;visible-sm&#8220;][mk_padding_divider size=&#8220;100&#8243;][mk_toggle style=&#8220;fancy&#8220; title=&#8220;Pers\u00f6nlich&#8220;]Immer pers\u00f6nlicher Kontakt mit einem unserer Verk\u00e4ufer oder K\u00e4ufer.[\/mk_toggle][mk_toggle style=&#8220;fancy&#8220; title=&#8220;Lieferung&#8220;]Lieferung eines kundenspezifischen Sortiments. Ma\u00dfgeschneiderte Produkte aus frischem und gefrorenem Fisch.[\/mk_toggle][mk_toggle style=&#8220;fancy&#8220; title=&#8220;Beschaffung&#8220;]Flexibler Einkauf. Bos Seafood liefert mehrmals pro Woche frischen und gefrorenen Fisch. Das ist also ideal.[\/mk_toggle][mk_toggle style=&#8220;fancy&#8220; title=&#8220;Meinung&#8220;]Guter Rat bei der Beschaffung.[\/mk_toggle][mk_toggle style=&#8220;fancy&#8220; title=&#8220;Kosten&#8220;]Bos Seafood hat geringe Gemeinkosten, kauft sehr gro\u00dfe Mengen ein und kann daher frischen und gefrorenen Fisch zu sehr wettbewerbsf\u00e4higen Preisen liefern.[\/mk_toggle][mk_toggle style=&#8220;fancy&#8220; title=&#8220;Kontakt&#8220;]Direkter Kontakt mit erfahrenen Fischspezialisten.[\/mk_toggle][mk_padding_divider size=&#8220;150&#8243;][mk_padding_divider size=&#8220;100&#8243; visibility=&#8220;hidden-sm&#8220;][\/vc_column_inner][vc_column_inner width=&#8220;1\/6&#8243;][\/vc_column_inner][\/vc_row_inner][\/vc_column][\/mk_page_section][mk_page_section padding_top=&#8220;60&#8243; padding_bottom=&#8220;60&#8243; section_id=&#8220;contact&#8220; sidebar=&#8220;sidebar-1&#8243;][vc_column width=&#8220;1\/2&#8243;][vc_row_inner][vc_column_inner width=&#8220;1\/2&#8243;][vc_column_text css=&#8220;.vc_custom_1727774395663{margin-bottom: 0px !important;}&#8220;]\n<h4>Adresse Details<\/h4>\n<p><strong>Bos Seafood<br \/>\n<\/strong> Kanaalweg 7<br \/>\n8356 VS Blokzijl<\/p>\n<p>tel. +31(0)527-29 16 87<br \/>\nfax +31(0)527-29 12 90<br \/>\ninfo@bosseafood.nl<\/p>\n<p><a href=\"https:\/\/www.facebook.com\/bosseafoodblokzijl?fref=ts\" target=\"_blank\" rel=\"noopener noreferrer\"><img loading=\"lazy\" decoding=\"async\" class=\"alignleft wp-image-1712\" src=\"https:\/\/www.bosseafood.nl\/wp-content\/uploads\/2017\/09\/2017-facebook.png\" alt=\"facebook\" width=\"50\" height=\"50\" \/><\/a>[\/vc_column_text][\/vc_column_inner][vc_column_inner width=&#8220;1\/2&#8243;][vc_column_text css=&#8220;.vc_custom_1727774430384{margin-bottom: 0px !important;}&#8220;]\n<h4>Ihre Berater<\/h4>\n<p><strong>Pieter Bos<\/strong><br \/>\n+31(0)6-543 44 197<\/p>\n<p><strong>Henk Addinga<\/strong><br \/>\n+31(0)6-508 78 759<\/p>\n<p><strong>Hessel Halma<\/strong><br \/>\n+31(0)6-553 44 033<\/p>\n<p><strong>Jan Douwe Zelhorst<br \/>\n<\/strong>+31(0)6-832 02 810[\/vc_column_text][\/vc_column_inner][\/vc_row_inner][vc_row_inner css=&#8220;.vc_custom_1726664096745{padding-top: 15px !important;}&#8220;][vc_column_inner]\n<div class=\"wpcf7 no-js\" id=\"wpcf7-f2562-o1\" lang=\"nl-NL\" dir=\"ltr\" data-wpcf7-id=\"2562\">\n<div class=\"screen-reader-response\"><p role=\"status\" aria-live=\"polite\" aria-atomic=\"true\"><\/p> <ul><\/ul><\/div>\n<form action=\"\/de\/wp-json\/wp\/v2\/pages\/3969#wpcf7-f2562-o1\" method=\"post\" class=\"wpcf7-form init\" aria-label=\"Contactformulier\" novalidate=\"novalidate\" data-status=\"init\">\n<fieldset class=\"hidden-fields-container\"><input type=\"hidden\" name=\"_wpcf7\" value=\"2562\" \/><input type=\"hidden\" name=\"_wpcf7_version\" value=\"6.1.5\" \/><input type=\"hidden\" name=\"_wpcf7_locale\" value=\"nl_NL\" \/><input type=\"hidden\" name=\"_wpcf7_unit_tag\" value=\"wpcf7-f2562-o1\" \/><input type=\"hidden\" name=\"_wpcf7_container_post\" value=\"0\" \/><input type=\"hidden\" name=\"_wpcf7_posted_data_hash\" value=\"\" \/><input type=\"hidden\" name=\"_wpcf7cf_hidden_group_fields\" value=\"[]\" \/><input type=\"hidden\" name=\"_wpcf7cf_hidden_groups\" value=\"[]\" \/><input type=\"hidden\" name=\"_wpcf7cf_visible_groups\" value=\"[]\" \/><input type=\"hidden\" name=\"_wpcf7cf_repeaters\" value=\"[]\" \/><input type=\"hidden\" name=\"_wpcf7cf_steps\" value=\"{}\" \/><input type=\"hidden\" name=\"_wpcf7cf_options\" value=\"{&quot;form_id&quot;:2562,&quot;conditions&quot;:[],&quot;settings&quot;:{&quot;animation&quot;:&quot;yes&quot;,&quot;animation_intime&quot;:200,&quot;animation_outtime&quot;:200,&quot;conditions_ui&quot;:&quot;normal&quot;,&quot;notice_dismissed&quot;:false,&quot;notice_dismissed_rollback-cf7-5.3.2&quot;:true,&quot;notice_dismissed_rollback-cf7-5.8&quot;:true,&quot;notice_dismissed_rollback-cf7-5.9.2&quot;:true}}\" \/><input type=\"hidden\" name=\"_wpcf7_recaptcha_response\" value=\"\" \/>\n<\/fieldset>\n<p><span class=\"wpcf7-form-control-wrap\" data-name=\"your-name\"><input size=\"40\" maxlength=\"400\" class=\"wpcf7-form-control wpcf7-text wpcf7-validates-as-required\" aria-required=\"true\" aria-invalid=\"false\" placeholder=\"Uw naam (verplicht)\" value=\"\" type=\"text\" name=\"your-name\" \/><\/span>\n<\/p>\n<p><span class=\"wpcf7-form-control-wrap\" data-name=\"your-email\"><input size=\"40\" maxlength=\"400\" class=\"wpcf7-form-control wpcf7-email wpcf7-validates-as-required wpcf7-text wpcf7-validates-as-email\" aria-required=\"true\" aria-invalid=\"false\" placeholder=\"Uw email (verplicht)\" value=\"\" type=\"email\" name=\"your-email\" \/><\/span>\n<\/p>\n<p><span class=\"wpcf7-form-control-wrap\" data-name=\"your-subject\"><input size=\"40\" maxlength=\"400\" class=\"wpcf7-form-control wpcf7-text wpcf7-validates-as-required\" aria-required=\"true\" aria-invalid=\"false\" placeholder=\"Onderwerp\" value=\"\" type=\"text\" name=\"your-subject\" \/><\/span>\n<\/p>\n<p><span class=\"wpcf7-form-control-wrap\" data-name=\"your-message\"><textarea cols=\"40\" rows=\"4\" maxlength=\"2000\" class=\"wpcf7-form-control wpcf7-textarea\" aria-invalid=\"false\" placeholder=\"Uw bericht\" name=\"your-message\"><\/textarea><\/span>\n<\/p>\n<p><span class=\"wpcf7-form-control-wrap\" data-name=\"acceptance-228\"><span class=\"wpcf7-form-control wpcf7-acceptance\"><span class=\"wpcf7-list-item\"><input type=\"checkbox\" name=\"acceptance-228\" value=\"1\" aria-invalid=\"false\" \/><\/span><\/span><\/span>Ik ga akkoord met de algemene voorwaarden en de <a href=\"http:\/\/www.bosseafood.nl\/wp-content\/uploads\/2018\/05\/Privacyreglement-BOREG-BV.pdf\">privacy verklaring<\/a>\n<\/p>\n<p><input class=\"wpcf7-form-control wpcf7-submit has-spinner\" type=\"submit\" value=\"Verzenden\" \/>\n<\/p><p style=\"display: none !important;\" class=\"akismet-fields-container\" data-prefix=\"_wpcf7_ak_\"><label>&#916;<textarea name=\"_wpcf7_ak_hp_textarea\" cols=\"45\" rows=\"8\" maxlength=\"100\"><\/textarea><\/label><input type=\"hidden\" id=\"ak_js_1\" name=\"_wpcf7_ak_js\" value=\"173\"\/><script>document.getElementById( \"ak_js_1\" ).setAttribute( \"value\", ( new Date() ).getTime() );<\/script><\/p><div class=\"wpcf7-response-output\" aria-hidden=\"true\"><\/div>\n<\/form>\n<\/div>\n[\/vc_column_inner][\/vc_row_inner][\/vc_column][vc_column width=&#8220;1\/2&#8243; css=&#8220;.vc_custom_1726660485887{padding-top: 5vh !important;}&#8220;][vc_column_text css=&#8220;.vc_custom_1726654092961{margin-bottom: 0px !important;}&#8220;]<div class=\"cff-wrapper\"><div class=\"cff-wrapper-ctn \" ><div id=\"cff\" data-char=\"400\" class=\"cff cff-theme-default_theme   cff-half-layout cff-album-items-feed cff-pag cff-all-reviews cff-nojs  cff-lightbox cff-lb\"  data-fb-text=\"View on Facebook\" data-offset=\"\" data-media-side=\"left\" data-own-token=\"true\" data-grid-pag=\"cursor\" data-restricted=\"true\" data-lb-comments=\"false\" data-pag-num=\"4\" data-cff-shortcode=\"{&quot;album&quot;: &quot;596476247051882&quot;, &quot;albumcols&quot;: &quot;2&quot;, &quot;num&quot;: &quot;4&quot;}\" data-postid=\"3969\" data-locatornonce=\"c2ccf3ec61\" data-cff-theme=\"default_theme\" ><svg width=\"24px\" height=\"24px\" version=\"1.1\" xmlns=\"http:\/\/www.w3.org\/2000\/svg\" xmlns:xlink=\"http:\/\/www.w3.org\/1999\/xlink\" class=\"cff-screenreader\" role=\"img\" aria-labelledby=\"metaSVGid metaSVGdesc\"><title id=\"metaSVGid\">Comments Box SVG icons<\/title><desc id=\"metaSVGdesc\">Used for the like, share, comment, and reaction icons<\/desc><defs><linearGradient id=\"angryGrad\" x1=\"0\" x2=\"0\" y1=\"0\" y2=\"1\"><stop offset=\"0%\" stop-color=\"#f9ae9e\" \/><stop offset=\"70%\" stop-color=\"#ffe7a4\" \/><\/linearGradient><linearGradient id=\"likeGrad\"><stop offset=\"25%\" stop-color=\"rgba(0,0,0,0.05)\" \/><stop offset=\"26%\" stop-color=\"rgba(255,255,255,0.7)\" \/><\/linearGradient><linearGradient id=\"likeGradHover\"><stop offset=\"25%\" stop-color=\"#a3caff\" \/><stop offset=\"26%\" stop-color=\"#fff\" \/><\/linearGradient><linearGradient id=\"likeGradDark\"><stop offset=\"25%\" stop-color=\"rgba(255,255,255,0.5)\" \/><stop offset=\"26%\" stop-color=\"rgba(255,255,255,0.7)\" \/><\/linearGradient><\/defs><\/svg><div class=\"cff-posts-wrap\"><\/div><span class=\"cff_resized_image_data\" data-feedid=\"cff_album_596476247051882_4\" data-resized=\"[{&quot;media_id&quot;:&quot;error&quot;,&quot;facebook_id&quot;:&quot;5757297447636377&quot;,&quot;aspect_ratio&quot;:&quot;1.00&quot;,&quot;sizes&quot;:&quot;[400,250]&quot;},{&quot;media_id&quot;:&quot;error&quot;,&quot;facebook_id&quot;:&quot;5817617754937679&quot;,&quot;aspect_ratio&quot;:&quot;1.00&quot;,&quot;sizes&quot;:&quot;[400,250]&quot;},{&quot;media_id&quot;:&quot;error&quot;,&quot;facebook_id&quot;:&quot;5726859644013491&quot;,&quot;aspect_ratio&quot;:&quot;1.00&quot;,&quot;sizes&quot;:&quot;[400,250]&quot;},{&quot;media_id&quot;:&quot;error&quot;,&quot;facebook_id&quot;:&quot;5805851242780997&quot;,&quot;aspect_ratio&quot;:&quot;1.00&quot;,&quot;sizes&quot;:&quot;[400,250]&quot;}]\"><\/span><input type=\"hidden\" class=\"cff-pag-url\"\n\tdata-cff-pag-url=\"{}\"\n\tdata-cff-prev-url=\"{&quot;595439660488874&quot;: &quot;https:\/\/graph.facebook.com\/596476247051882\/photos?fields=source,name,images&amp;access_token=x_cff_hide_token_x&amp;limit=4&quot;}\"\n\tdata-transient-name=\"cff_album_596476247051882_4\"\n\tdata-post-id=\"3969\"\n\tdata-feed-id=\"595439660488874\"  value=\"\">\n\t<p class=\"cff-no-more-posts\">\n\t\tNo more posts\t<\/p>\n<\/div><\/div><div class=\"cff-clear\"><\/div><\/div>[\/vc_column_text][\/vc_column][\/mk_page_section]\n<\/div>","protected":false},"excerpt":{"rendered":"<p>[mk_page_section vertical_align=&#8220;bottom&#8220; bg_image=&#8220;https:\/\/www.bosseafood.nl\/wp-content\/uploads\/2024\/09\/test.png&#8220; bg_image_portrait=&#8220;https:\/\/www.bosseafood.nl\/wp-content\/uploads\/2024\/09\/bg-phone-mannen.png&#8220; bg_color=&#8220;#30488e&#8220; attachment=&#8220;fixed&#8220; bg_repeat=&#8220;no-repeat&#8220; bg_stretch=&#8220;true&#8220; full_width=&#8220;true&#8220; full_height=&#8220;true&#8220; padding_top=&#8220;0&#8243; padding_bottom=&#8220;0&#8243; skip_arrow=&#8220;true&#8220; section_id=&#8220;bedrijf&#8220; sidebar=&#8220;sidebar-1&#8243;][vc_column css=&#8220;.vc_custom_1726573690804{margin-top: 0px !important;margin-right: 0px !important;margin-bottom: 0px !important;margin-left: 0px !important;padding-top: 0px !important;padding-right: 0px !important;padding-bottom: 0px !important;padding-left: 0px !important;background-position: 0 0 !important;background-repeat: no-repeat !important;}&#8220;][vc_row_inner][vc_column_inner width=&#8220;1\/3&#8243; css=&#8220;.vc_custom_1726049400374{background-color: #FFFFFF00 !important;}&#8220;][\/vc_column_inner][vc_column_inner width=&#8220;1\/2&#8243; css=&#8220;.vc_custom_1726049670438{border-color: #81D74200 !important;}&#8220;][vc_column_text animation=&#8220;scale-up&#8220; css=&#8220;.vc_custom_1727856395074{margin-bottom: 0px !important;border-left-width: 5px !important;padding-top: 3vh !important;padding-right: 2vw !important;padding-bottom: [&hellip;]<\/p>\n","protected":false},"author":6,"featured_media":0,"parent":0,"menu_order":0,"comment_status":"open","ping_status":"open","template":"","meta":{"rs_blank_template":"","rs_page_bg_color":"","slide_template_v7":"","footnotes":""},"folder":[],"class_list":["post-3969","page","type-page","status-publish","hentry"],"yoast_head":"<!-- This site is optimized with the Yoast SEO plugin v27.4 - https:\/\/yoast.com\/product\/yoast-seo-wordpress\/ -->\n<title>Culinary Fish Company | Bos Seafood | Blokzijl<\/title>\n<meta name=\"description\" content=\"Das Fischunternehmen Bos Seafood in Blokzijl ist seit 1980 der Gro\u00dfh\u00e4ndler f\u00fcr frischen und gefrorenen Fisch | Breites Sortiment | Schnelle Lieferung!\" \/>\n<meta name=\"robots\" content=\"index, follow, max-snippet:-1, max-image-preview:large, max-video-preview:-1\" \/>\n<link rel=\"canonical\" href=\"https:\/\/www.bosseafood.nl\/de\/das-unternehmen\/\" \/>\n<meta property=\"og:locale\" content=\"de_DE\" \/>\n<meta property=\"og:type\" content=\"article\" \/>\n<meta property=\"og:title\" content=\"Culinary Fish Company | Bos Seafood | Blokzijl\" \/>\n<meta property=\"og:description\" content=\"Das Fischunternehmen Bos Seafood in Blokzijl ist seit 1980 der Gro\u00dfh\u00e4ndler f\u00fcr frischen und gefrorenen Fisch | Breites Sortiment | Schnelle Lieferung!\" \/>\n<meta property=\"og:url\" content=\"https:\/\/www.bosseafood.nl\/de\/das-unternehmen\/\" \/>\n<meta property=\"og:site_name\" content=\"Bos Seafood\" \/>\n<meta property=\"article:modified_time\" content=\"2024-10-02T08:06:39+00:00\" \/>\n<meta property=\"og:image\" content=\"https:\/\/www.bosseafood.nl\/wp-content\/uploads\/2017\/09\/2017-facebook.png\" \/>\n<meta name=\"twitter:label1\" content=\"Gesch\u00e4tzte Lesezeit\" \/>\n\t<meta name=\"twitter:data1\" content=\"3\u00a0Minuten\" \/>\n<script type=\"application\/ld+json\" class=\"yoast-schema-graph\">{\"@context\":\"https:\\\/\\\/schema.org\",\"@graph\":[{\"@type\":\"WebPage\",\"@id\":\"https:\\\/\\\/www.bosseafood.nl\\\/de\\\/das-unternehmen\\\/\",\"url\":\"https:\\\/\\\/www.bosseafood.nl\\\/de\\\/das-unternehmen\\\/\",\"name\":\"Culinary Fish Company | Bos Seafood | Blokzijl\",\"isPartOf\":{\"@id\":\"https:\\\/\\\/www.bosseafood.nl\\\/de\\\/#website\"},\"primaryImageOfPage\":{\"@id\":\"https:\\\/\\\/www.bosseafood.nl\\\/de\\\/das-unternehmen\\\/#primaryimage\"},\"image\":{\"@id\":\"https:\\\/\\\/www.bosseafood.nl\\\/de\\\/das-unternehmen\\\/#primaryimage\"},\"thumbnailUrl\":\"https:\\\/\\\/www.bosseafood.nl\\\/wp-content\\\/uploads\\\/2017\\\/09\\\/2017-facebook.png\",\"datePublished\":\"2024-10-01T09:14:02+00:00\",\"dateModified\":\"2024-10-02T08:06:39+00:00\",\"description\":\"Das Fischunternehmen Bos Seafood in Blokzijl ist seit 1980 der Gro\u00dfh\u00e4ndler f\u00fcr frischen und gefrorenen Fisch | Breites Sortiment | Schnelle Lieferung!\",\"breadcrumb\":{\"@id\":\"https:\\\/\\\/www.bosseafood.nl\\\/de\\\/das-unternehmen\\\/#breadcrumb\"},\"inLanguage\":\"de\",\"potentialAction\":[{\"@type\":\"ReadAction\",\"target\":[\"https:\\\/\\\/www.bosseafood.nl\\\/de\\\/das-unternehmen\\\/\"]}]},{\"@type\":\"ImageObject\",\"inLanguage\":\"de\",\"@id\":\"https:\\\/\\\/www.bosseafood.nl\\\/de\\\/das-unternehmen\\\/#primaryimage\",\"url\":\"https:\\\/\\\/www.bosseafood.nl\\\/wp-content\\\/uploads\\\/2017\\\/09\\\/2017-facebook.png\",\"contentUrl\":\"https:\\\/\\\/www.bosseafood.nl\\\/wp-content\\\/uploads\\\/2017\\\/09\\\/2017-facebook.png\"},{\"@type\":\"BreadcrumbList\",\"@id\":\"https:\\\/\\\/www.bosseafood.nl\\\/de\\\/das-unternehmen\\\/#breadcrumb\",\"itemListElement\":[{\"@type\":\"ListItem\",\"position\":1,\"name\":\"Home\",\"item\":\"https:\\\/\\\/www.bosseafood.nl\\\/de\\\/\"},{\"@type\":\"ListItem\",\"position\":2,\"name\":\"Das Unternehmen\"}]},{\"@type\":\"WebSite\",\"@id\":\"https:\\\/\\\/www.bosseafood.nl\\\/de\\\/#website\",\"url\":\"https:\\\/\\\/www.bosseafood.nl\\\/de\\\/\",\"name\":\"Bos Seafood\",\"description\":\"culinair -visbedrijf\",\"potentialAction\":[{\"@type\":\"SearchAction\",\"target\":{\"@type\":\"EntryPoint\",\"urlTemplate\":\"https:\\\/\\\/www.bosseafood.nl\\\/de\\\/?s={search_term_string}\"},\"query-input\":{\"@type\":\"PropertyValueSpecification\",\"valueRequired\":true,\"valueName\":\"search_term_string\"}}],\"inLanguage\":\"de\"}]}<\/script>\n<!-- \/ Yoast SEO plugin. -->","yoast_head_json":{"title":"Culinary Fish Company | Bos Seafood | Blokzijl","description":"Das Fischunternehmen Bos Seafood in Blokzijl ist seit 1980 der Gro\u00dfh\u00e4ndler f\u00fcr frischen und gefrorenen Fisch | Breites Sortiment | Schnelle Lieferung!","robots":{"index":"index","follow":"follow","max-snippet":"max-snippet:-1","max-image-preview":"max-image-preview:large","max-video-preview":"max-video-preview:-1"},"canonical":"https:\/\/www.bosseafood.nl\/de\/das-unternehmen\/","og_locale":"de_DE","og_type":"article","og_title":"Culinary Fish Company | Bos Seafood | Blokzijl","og_description":"Das Fischunternehmen Bos Seafood in Blokzijl ist seit 1980 der Gro\u00dfh\u00e4ndler f\u00fcr frischen und gefrorenen Fisch | Breites Sortiment | Schnelle Lieferung!","og_url":"https:\/\/www.bosseafood.nl\/de\/das-unternehmen\/","og_site_name":"Bos Seafood","article_modified_time":"2024-10-02T08:06:39+00:00","og_image":[{"url":"https:\/\/www.bosseafood.nl\/wp-content\/uploads\/2017\/09\/2017-facebook.png","type":"","width":"","height":""}],"twitter_misc":{"Gesch\u00e4tzte Lesezeit":"3\u00a0Minuten"},"schema":{"@context":"https:\/\/schema.org","@graph":[{"@type":"WebPage","@id":"https:\/\/www.bosseafood.nl\/de\/das-unternehmen\/","url":"https:\/\/www.bosseafood.nl\/de\/das-unternehmen\/","name":"Culinary Fish Company | Bos Seafood | Blokzijl","isPartOf":{"@id":"https:\/\/www.bosseafood.nl\/de\/#website"},"primaryImageOfPage":{"@id":"https:\/\/www.bosseafood.nl\/de\/das-unternehmen\/#primaryimage"},"image":{"@id":"https:\/\/www.bosseafood.nl\/de\/das-unternehmen\/#primaryimage"},"thumbnailUrl":"https:\/\/www.bosseafood.nl\/wp-content\/uploads\/2017\/09\/2017-facebook.png","datePublished":"2024-10-01T09:14:02+00:00","dateModified":"2024-10-02T08:06:39+00:00","description":"Das Fischunternehmen Bos Seafood in Blokzijl ist seit 1980 der Gro\u00dfh\u00e4ndler f\u00fcr frischen und gefrorenen Fisch | Breites Sortiment | Schnelle Lieferung!","breadcrumb":{"@id":"https:\/\/www.bosseafood.nl\/de\/das-unternehmen\/#breadcrumb"},"inLanguage":"de","potentialAction":[{"@type":"ReadAction","target":["https:\/\/www.bosseafood.nl\/de\/das-unternehmen\/"]}]},{"@type":"ImageObject","inLanguage":"de","@id":"https:\/\/www.bosseafood.nl\/de\/das-unternehmen\/#primaryimage","url":"https:\/\/www.bosseafood.nl\/wp-content\/uploads\/2017\/09\/2017-facebook.png","contentUrl":"https:\/\/www.bosseafood.nl\/wp-content\/uploads\/2017\/09\/2017-facebook.png"},{"@type":"BreadcrumbList","@id":"https:\/\/www.bosseafood.nl\/de\/das-unternehmen\/#breadcrumb","itemListElement":[{"@type":"ListItem","position":1,"name":"Home","item":"https:\/\/www.bosseafood.nl\/de\/"},{"@type":"ListItem","position":2,"name":"Das Unternehmen"}]},{"@type":"WebSite","@id":"https:\/\/www.bosseafood.nl\/de\/#website","url":"https:\/\/www.bosseafood.nl\/de\/","name":"Bos Seafood","description":"culinair -visbedrijf","potentialAction":[{"@type":"SearchAction","target":{"@type":"EntryPoint","urlTemplate":"https:\/\/www.bosseafood.nl\/de\/?s={search_term_string}"},"query-input":{"@type":"PropertyValueSpecification","valueRequired":true,"valueName":"search_term_string"}}],"inLanguage":"de"}]}},"_links":{"self":[{"href":"https:\/\/www.bosseafood.nl\/de\/wp-json\/wp\/v2\/pages\/3969","targetHints":{"allow":["GET"]}}],"collection":[{"href":"https:\/\/www.bosseafood.nl\/de\/wp-json\/wp\/v2\/pages"}],"about":[{"href":"https:\/\/www.bosseafood.nl\/de\/wp-json\/wp\/v2\/types\/page"}],"author":[{"embeddable":true,"href":"https:\/\/www.bosseafood.nl\/de\/wp-json\/wp\/v2\/users\/6"}],"replies":[{"embeddable":true,"href":"https:\/\/www.bosseafood.nl\/de\/wp-json\/wp\/v2\/comments?post=3969"}],"version-history":[{"count":8,"href":"https:\/\/www.bosseafood.nl\/de\/wp-json\/wp\/v2\/pages\/3969\/revisions"}],"predecessor-version":[{"id":4012,"href":"https:\/\/www.bosseafood.nl\/de\/wp-json\/wp\/v2\/pages\/3969\/revisions\/4012"}],"wp:attachment":[{"href":"https:\/\/www.bosseafood.nl\/de\/wp-json\/wp\/v2\/media?parent=3969"}],"wp:term":[{"taxonomy":"folder","embeddable":true,"href":"https:\/\/www.bosseafood.nl\/de\/wp-json\/wp\/v2\/folder?post=3969"}],"curies":[{"name":"wp","href":"https:\/\/api.w.org\/{rel}","templated":true}]}}